{"id":291,"date":"2022-06-23T12:50:59","date_gmt":"2022-06-23T10:50:59","guid":{"rendered":"https:\/\/www.creadocforschool.com\/fr\/le-format-source-creadoc\/"},"modified":"2024-03-22T10:06:22","modified_gmt":"2024-03-22T09:06:22","slug":"le-format-source-creadoc","status":"publish","type":"page","link":"https:\/\/www.creadocforschool.com\/fr\/le-format-source-creadoc\/","title":{"rendered":"Le format source Creadoc"},"content":{"rendered":"\t\t<div data-elementor-type=\"wp-page\" data-elementor-id=\"291\" class=\"elementor elementor-291\" data-elementor-post-type=\"page\">\n\t\t\t\t\t\t<section class=\"elementor-section elementor-top-section elementor-element elementor-element-fde2f8 elementor-section-boxed elementor-section-height-default elementor-section-height-default\" data-id=\"fde2f8\" data-element_type=\"section\">\n\t\t\t\t\t\t<div class=\"elementor-container elementor-column-gap-default\">\n\t\t\t\t\t<div class=\"elementor-column elementor-col-100 elementor-top-column elementor-element elementor-element-3e5b4a81\" data-id=\"3e5b4a81\" data-element_type=\"column\">\n\t\t\t<div class=\"elementor-widget-wrap elementor-element-populated\">\n\t\t\t\t\t\t<div class=\"elementor-element elementor-element-e01fb91 elementor-widget elementor-widget-heading\" data-id=\"e01fb91\" data-element_type=\"widget\" data-widget_type=\"heading.default\">\n\t\t\t\t<div class=\"elementor-widget-container\">\n\t\t\t<style>\/*! elementor - v3.22.0 - 26-06-2024 *\/\n.elementor-heading-title{padding:0;margin:0;line-height:1}.elementor-widget-heading .elementor-heading-title[class*=elementor-size-]>a{color:inherit;font-size:inherit;line-height:inherit}.elementor-widget-heading .elementor-heading-title.elementor-size-small{font-size:15px}.elementor-widget-heading .elementor-heading-title.elementor-size-medium{font-size:19px}.elementor-widget-heading .elementor-heading-title.elementor-size-large{font-size:29px}.elementor-widget-heading .elementor-heading-title.elementor-size-xl{font-size:39px}.elementor-widget-heading .elementor-heading-title.elementor-size-xxl{font-size:59px}<\/style><h1 class=\"elementor-heading-title elementor-size-default\">Le format source .edu de Creadoc<\/h1>\t\t<\/div>\n\t\t\t\t<\/div>\n\t\t\t\t<div class=\"elementor-element elementor-element-25961918 elementor-widget elementor-widget-text-editor\" data-id=\"25961918\" data-element_type=\"widget\" data-widget_type=\"text-editor.default\">\n\t\t\t\t<div class=\"elementor-widget-container\">\n\t\t\t<style>\/*! elementor - v3.22.0 - 26-06-2024 *\/\n.elementor-widget-text-editor.elementor-drop-cap-view-stacked .elementor-drop-cap{background-color:#69727d;color:#fff}.elementor-widget-text-editor.elementor-drop-cap-view-framed .elementor-drop-cap{color:#69727d;border:3px solid;background-color:transparent}.elementor-widget-text-editor:not(.elementor-drop-cap-view-default) .elementor-drop-cap{margin-top:8px}.elementor-widget-text-editor:not(.elementor-drop-cap-view-default) .elementor-drop-cap-letter{width:1em;height:1em}.elementor-widget-text-editor .elementor-drop-cap{float:left;text-align:center;line-height:1;font-size:50px}.elementor-widget-text-editor .elementor-drop-cap-letter{display:inline-block}<\/style>\t\t\t\t<p>Pour des ressources plus libres, interop\u00e9rables et p\u00e9rennes.<\/p>\t\t\t\t\t\t<\/div>\n\t\t\t\t<\/div>\n\t\t\t\t\t<\/div>\n\t\t<\/div>\n\t\t\t\t\t<\/div>\n\t\t<\/section>\n\t\t\t\t<section class=\"elementor-section elementor-top-section elementor-element elementor-element-41dee17e elementor-section-boxed elementor-section-height-default elementor-section-height-default\" data-id=\"41dee17e\" data-element_type=\"section\">\n\t\t\t\t\t\t<div class=\"elementor-container elementor-column-gap-default\">\n\t\t\t\t\t<div class=\"elementor-column elementor-col-100 elementor-top-column elementor-element elementor-element-45e74d1a\" data-id=\"45e74d1a\" data-element_type=\"column\">\n\t\t\t<div class=\"elementor-widget-wrap elementor-element-populated\">\n\t\t\t\t\t\t<div class=\"elementor-element elementor-element-5c1a62d5 elementor-widget elementor-widget-text-editor\" data-id=\"5c1a62d5\" data-element_type=\"widget\" data-widget_type=\"text-editor.default\">\n\t\t\t\t<div class=\"elementor-widget-container\">\n\t\t\t\t\t\t\t<p>Est-ce que je pourrai toujours exploiter la ressource que je cr\u00e9e dans 1, 2, 5 ou 10\u00a0ans\u2009?\u00a0<span style=\"color: var( --e-global-color-08e0f36 ); font-family: var( --e-global-typography-99b5d1a-font-family ), Sans-serif; font-size: var( --e-global-typography-99b5d1a-font-size ); letter-spacing: var( --e-global-typography-99b5d1a-letter-spacing ); word-spacing: var( --e-global-typography-99b5d1a-word-spacing );\">Est-elle lisible sur tous les supports (TBI, tablettes num\u00e9riques, ordinateurs, smartphones) ?\u00a0<\/span><span style=\"color: var( --e-global-color-08e0f36 ); font-family: var( --e-global-typography-99b5d1a-font-family ), Sans-serif; font-size: var( --e-global-typography-99b5d1a-font-size ); letter-spacing: var( --e-global-typography-99b5d1a-letter-spacing ); word-spacing: var( --e-global-typography-99b5d1a-word-spacing );\">Est-ce que je serai oblig\u00e9 de disposer en permanence de la derni\u00e8re version du logiciel avec laquelle je l\u2019ai con\u00e7ue\u2009? Que se passe-t-il si le site internet ferme ou le logiciel n\u2019existe plus\u2009? Ma ressource sera-t-elle toujours lisible et exploitable\u2009?\u00a0<\/span><\/p><p>Cr\u00e9er des ressources demande du temps et se poser ces questions est l\u00e9gitime.<\/p><p>C&rsquo;est pourquoi, lors de la conception du logiciel Creadoc, nous avons opt\u00e9 pour une approche diff\u00e9rente, moins commerciale et plus responsable. Nous avons fait le choix de permettre \u00e0 l&rsquo;auteur cr\u00e9ateur de rester libre et non d\u00e9pendant du logiciel avec lequel il a con\u00e7u sa ressource.<\/p><p><strong>Nous sommes convaincus qu&rsquo;une ressource cr\u00e9\u00e9e par un utilisateur devrait \u00eatre bas\u00e9e sur un code open source et interop\u00e9rable, afin d&rsquo;\u00e9viter toute d\u00e9pendance \u00e0 des technologies propri\u00e9taires qui pourraient compromettre sa p\u00e9rennit\u00e9 ou limiter ses usages, surtout lorsqu&rsquo;il s&rsquo;agit de ressources \u00e9ducatives.<\/strong><\/p>\t\t\t\t\t\t<\/div>\n\t\t\t\t<\/div>\n\t\t\t\t<div class=\"elementor-element elementor-element-45654363 elementor-widget elementor-widget-heading\" data-id=\"45654363\" data-element_type=\"widget\" data-widget_type=\"heading.default\">\n\t\t\t\t<div class=\"elementor-widget-container\">\n\t\t\t<h2 class=\"elementor-heading-title elementor-size-default\">Une recherche d'interop\u00e9rabilit\u00e9 maximale<\/h2>\t\t<\/div>\n\t\t\t\t<\/div>\n\t\t\t\t<div class=\"elementor-element elementor-element-65b84aa3 elementor-widget elementor-widget-text-editor\" data-id=\"65b84aa3\" data-element_type=\"widget\" data-widget_type=\"text-editor.default\">\n\t\t\t\t<div class=\"elementor-widget-container\">\n\t\t\t\t\t\t\t<p>Pour parvenir \u00e0 notre objectif, nous avons con\u00e7u le premier format pour cr\u00e9er une ressource \u00e9ducative libre et open source.<\/p><p>Nous avons partag\u00e9 <a href=\"https:\/\/github.com\/NicoLB22\/Creadoc\" target=\"_blank\" rel=\"noopener\">les sp\u00e9cifications et rendu le code public sur la plateforme mondiale Github<\/a> afin de permettre \u00e0 d\u2019autres \u00e9diteurs de logiciels \u00e9ducatifs de suivre la m\u00eame voie que nous.<\/p><p>Nous n\u2019avons \u00e0 vrai dire rien r\u00e9volutionn\u00e9 d\u2019un point de vue technique, nous nous sommes simplement repos\u00e9s sur les potentialit\u00e9s qu\u2019offrent deux technologies existantes, le HTML et le JavaScript.<\/p><p><strong>Nous avons par contre d\u00e9fini un cadre et des sp\u00e9cifications techniques concrets et adapt\u00e9s pour concevoir une ressource \u00e9ducative multisupport et potentiellement interop\u00e9rable.<\/strong><\/p>\t\t\t\t\t\t<\/div>\n\t\t\t\t<\/div>\n\t\t\t\t<div class=\"elementor-element elementor-element-33119c17 elementor-widget elementor-widget-heading\" data-id=\"33119c17\" data-element_type=\"widget\" data-widget_type=\"heading.default\">\n\t\t\t\t<div class=\"elementor-widget-container\">\n\t\t\t<h2 class=\"elementor-heading-title elementor-size-default\">La sp\u00e9cificit\u00e9 des ressources \u00e9ducatives<\/h2>\t\t<\/div>\n\t\t\t\t<\/div>\n\t\t\t\t<div class=\"elementor-element elementor-element-4fb00db7 elementor-widget elementor-widget-text-editor\" data-id=\"4fb00db7\" data-element_type=\"widget\" data-widget_type=\"text-editor.default\">\n\t\t\t\t<div class=\"elementor-widget-container\">\n\t\t\t\t\t\t\t<p>Nous entendons par ressource \u00e9ducative une ressource qui peut \u00eatre imprimable, sonore, enrichie, interactive ou tout \u00e0 la fois et servant de support pour v\u00e9hiculer ou appr\u00e9hender des concepts et contenus d\u2019enseignement.<\/p><p>Ce qui caract\u00e9rise les ressources \u00e9ducatives, c\u2019est cette n\u00e9cessit\u00e9 pour \u00eatre plus efficientes de m\u00e9langer des \u00e9l\u00e9ments statiques (contenu textuel) et des \u00e9l\u00e9ments interactifs (son, quiz, bouton, vid\u00e9o, feed-back, score\u2026) dans un m\u00eame document.<\/p><p>C\u2019est cette complexit\u00e9 qui rend d\u00e9licate la mise en place d\u2019un format interop\u00e9rable.<\/p><p><strong>Un format interop\u00e9rable permet de concevoir une ressource sans aucune d\u00e9pendance vis-\u00e0-vis d\u2019un site internet ou d\u2019un logiciel de conception pour \u00eatre lue ou modifi\u00e9e.<\/strong><\/p>\t\t\t\t\t\t<\/div>\n\t\t\t\t<\/div>\n\t\t\t\t<div class=\"elementor-element elementor-element-57b999bb elementor-widget elementor-widget-heading\" data-id=\"57b999bb\" data-element_type=\"widget\" data-widget_type=\"heading.default\">\n\t\t\t\t<div class=\"elementor-widget-container\">\n\t\t\t<h2 class=\"elementor-heading-title elementor-size-default\">Proposition d'un format de ressource unique, libre et interop\u00e9rable<\/h2>\t\t<\/div>\n\t\t\t\t<\/div>\n\t\t\t\t<div class=\"elementor-element elementor-element-416f6ea3 elementor-widget elementor-widget-text-editor\" data-id=\"416f6ea3\" data-element_type=\"widget\" data-widget_type=\"text-editor.default\">\n\t\t\t\t<div class=\"elementor-widget-container\">\n\t\t\t\t\t\t\t<p>La mise en place d\u2019un format interop\u00e9rable n\u2019est pas nouvelle et des initiatives existent depuis des ann\u00e9es, il y a <a href=\"https:\/\/fr.wikipedia.org\/wiki\/OpenDocument\" target=\"_blank\" rel=\"noopener\">OpenDocument<\/a> d\u00e9riv\u00e9 du format cr\u00e9\u00e9 par la fondation OpenOffice.org et <a href=\"https:\/\/fr.wikipedia.org\/wiki\/Office_Open_XML\" target=\"_blank\" rel=\"noopener\">OpenXml<\/a> cr\u00e9\u00e9 dans le m\u00eame but par la soci\u00e9t\u00e9 Microsoft.<\/p><p><strong>Quelles diff\u00e9rences et pourquoi avons-nous d\u00e9cid\u00e9 de proposer une autre approche\u2009?<\/strong><\/p><p>Nous pensons que ces deux formats pr\u00e9sentent deux d\u00e9fauts majeurs\u00a0:<\/p><p>Ce sont des normes pour d\u00e9finir un format commun pour des applications bureautiques. Or, des applications bureautiques ne sont pas id\u00e9ales\/optimales pour concevoir des ressources interactives et sont trop g\u00e9n\u00e9ralistes pour prendre en compte les sp\u00e9cificit\u00e9s d\u2019une ressource \u00e9ducative selon nous.<br \/>Le format propos\u00e9 (OpenDocument et OpenXml) propose uniquement une m\u00e9thode de stockage des informations dans des fichiers xml. Le code doit \u00eatre ensuite interpr\u00e9t\u00e9 par un logiciel pour rendre la ressource lisible par un humain.<\/p><p>On pourrait ajouter un troisi\u00e8me d\u00e9faut, celui d\u2019\u00eatre encore deux \u00e0 exister. Aucun des deux n\u2019arrivant \u00e0 s\u2019imposer, l\u2019objectif d\u2019interop\u00e9rabilit\u00e9 reste encore utopique. Cr\u00e9ez un document dans Word et ouvrez-le dans Open Office (ou inversement) et vous remarquerez probablement des mises en forme diff\u00e9rentes, voire des probl\u00e8mes de compatibilit\u00e9.<\/p><p>En concevant un format de document sur deux technologies open source que sont le HTML et le JAVASCRIPT, cela pr\u00e9sente deux grands avantages pour les utilisateurs\u00a0:<\/p><p>Le code source de la fiche au format HTML est directement interpr\u00e9table par les navigateurs internet sans n\u00e9cessiter l\u2019installation d\u2019un logiciel tiers, apps ou plug-in pour lire la ressource.<br \/>En choisissant le HTML et le JAVASCRIPT, deux technologies robustes, populaires et indispensables aujourd\u2019hui pour concevoir une ressource, cela permet de garantir d\u2019un point de vue technologique une p\u00e9rennit\u00e9 maximale.<\/p><p><strong>En utilisant ce format libre et ouvert, adapt\u00e9 pour la conception de ressources \u00e9ducatives, Creadoc permet de cr\u00e9er des ressources directement lisibles sur TBI, smartphone, ordinateur et tablette num\u00e9rique. Un soulagement pour les enseignants qui peuvent d\u00e9sormais exploiter pleinement les outils \u00e0 leur disposition en classe sans devoir installer diff\u00e9rents logiciels ou apps pour les lire. Une libert\u00e9 qui se traduit par des usages d\u00e9brid\u00e9s et simplifi\u00e9s.<\/strong><\/p>\t\t\t\t\t\t<\/div>\n\t\t\t\t<\/div>\n\t\t\t\t<div class=\"elementor-element elementor-element-24c8d35b elementor-widget elementor-widget-heading\" data-id=\"24c8d35b\" data-element_type=\"widget\" data-widget_type=\"heading.default\">\n\t\t\t\t<div class=\"elementor-widget-container\">\n\t\t\t<h2 class=\"elementor-heading-title elementor-size-default\">Lib\u00e9ration \u00e9galement du format \u00e9ditable .creadoc<\/h2>\t\t<\/div>\n\t\t\t\t<\/div>\n\t\t\t\t<div class=\"elementor-element elementor-element-2a3e30cc elementor-widget elementor-widget-text-editor\" data-id=\"2a3e30cc\" data-element_type=\"widget\" data-widget_type=\"text-editor.default\">\n\t\t\t\t<div class=\"elementor-widget-container\">\n\t\t\t\t\t\t\t<p>Pour aller jusqu\u2019au bout de notre d\u00e9marche, nous avons \u00e9galement publi\u00e9 sur Github les sp\u00e9cifications de notre format \u00e9ditable .creadoc. Le format \u00e9ditable est le format qui permet la modification d\u2019une ressource cr\u00e9\u00e9e depuis un logiciel. M\u00eame si potentiellement le format .edu est totalement open source, il est d\u00e9j\u00e0 possible de l\u2019utiliser pour modifier son contenu, en lib\u00e9rant \u00e9galement notre format source, la modification sera facilit\u00e9e pour les autres concepteurs de logiciels.<\/p><p>En lib\u00e9rant ce format et en le rendant publique, cela permet d\u2019assurer que les ressources cr\u00e9\u00e9es ne sont pas verrouill\u00e9es dans un \u00e9cosyst\u00e8me propri\u00e9taire, favorisant ainsi la collaboration et l&rsquo;innovation au sein de la communaut\u00e9 \u00e9ducative.<\/p><p><strong>En rendant ces deux formats accessibles et ouverts, Creadoc for School encourage non seulement la cr\u00e9ation de ressources \u00e9ducatives libres mais soutient aussi un mouvement plus large vers l&rsquo;open source et l&rsquo;\u00e9ducation ouverte.<\/strong><\/p><p><strong>Creadoc for School s&rsquo;engage \u00e0 promouvoir la transparence et \u00e0 soutenir l&rsquo;\u00e9ducation en facilitant l&rsquo;acc\u00e8s et la modification des ressources p\u00e9dagogiques. Cela t\u00e9moigne d&rsquo;un engagement profond envers l&rsquo;am\u00e9lioration de l&rsquo;\u00e9ducation gr\u00e2ce \u00e0 la technologie et offre un mod\u00e8le inspirant pour d&rsquo;autres acteurs dans le domaine \u00e9ducatif.<\/strong><\/p>\t\t\t\t\t\t<\/div>\n\t\t\t\t<\/div>\n\t\t\t\t<div class=\"elementor-element elementor-element-46993e8b elementor-widget elementor-widget-heading\" data-id=\"46993e8b\" data-element_type=\"widget\" data-widget_type=\"heading.default\">\n\t\t\t\t<div class=\"elementor-widget-container\">\n\t\t\t<h4 class=\"elementor-heading-title elementor-size-default\"><a href=\"https:\/\/github.com\/NicoLB22\/Creadoc\" target=\"_blank\" rel=\"nofollow\">D\u00e9couvrir le format .edu et .creadoc sur Github<\/a><\/h4>\t\t<\/div>\n\t\t\t\t<\/div>\n\t\t\t\t<div class=\"elementor-element elementor-element-38e0ab2f elementor-widget elementor-widget-text-editor\" data-id=\"38e0ab2f\" data-element_type=\"widget\" data-widget_type=\"text-editor.default\">\n\t\t\t\t<div class=\"elementor-widget-container\">\n\t\t\t\t\t\t\t<p><i>La r\u00e9daction de la documentation prend \u00e9norm\u00e9ment de temps, nous esp\u00e9rons la finaliser prochainement. Si vous avez des questions ou des suggestions, vous pouvez interagir avec nous sur Github ou bien nous \u00e9crire par e-mail \u00e0 l\u2019adresse\u00a0: hello@creadocforschool.com.<\/i><\/p>\t\t\t\t\t\t<\/div>\n\t\t\t\t<\/div>\n\t\t\t\t\t<\/div>\n\t\t<\/div>\n\t\t\t\t\t<\/div>\n\t\t<\/section>\n\t\t\t\t<\/div>\n\t\t","protected":false},"excerpt":{"rendered":"<p>Le format source .edu de Creadoc Pour des ressources plus libres, interop\u00e9rables et p\u00e9rennes. Est-ce que je pourrai toujours exploiter la ressource que je cr\u00e9e dans 1, 2, 5 ou 10\u00a0ans\u2009?\u00a0Est-elle lisible sur tous les supports (TBI, tablettes num\u00e9riques, ordinateurs, smartphones) ?\u00a0Est-ce que je serai oblig\u00e9 de disposer en permanence de la derni\u00e8re version du [&hellip;]<\/p>\n","protected":false},"author":1,"featured_media":0,"parent":0,"menu_order":0,"comment_status":"closed","ping_status":"closed","template":"elementor_header_footer","meta":{"footnotes":""},"class_list":["post-291","page","type-page","status-publish","hentry"],"_links":{"self":[{"href":"https:\/\/www.creadocforschool.com\/fr\/wp-json\/wp\/v2\/pages\/291","targetHints":{"allow":["GET"]}}],"collection":[{"href":"https:\/\/www.creadocforschool.com\/fr\/wp-json\/wp\/v2\/pages"}],"about":[{"href":"https:\/\/www.creadocforschool.com\/fr\/wp-json\/wp\/v2\/types\/page"}],"author":[{"embeddable":true,"href":"https:\/\/www.creadocforschool.com\/fr\/wp-json\/wp\/v2\/users\/1"}],"replies":[{"embeddable":true,"href":"https:\/\/www.creadocforschool.com\/fr\/wp-json\/wp\/v2\/comments?post=291"}],"version-history":[{"count":132,"href":"https:\/\/www.creadocforschool.com\/fr\/wp-json\/wp\/v2\/pages\/291\/revisions"}],"predecessor-version":[{"id":9470,"href":"https:\/\/www.creadocforschool.com\/fr\/wp-json\/wp\/v2\/pages\/291\/revisions\/9470"}],"wp:attachment":[{"href":"https:\/\/www.creadocforschool.com\/fr\/wp-json\/wp\/v2\/media?parent=291"}],"curies":[{"name":"wp","href":"https:\/\/api.w.org\/{rel}","templated":true}]}}