{"id":282,"date":"2022-06-23T12:50:59","date_gmt":"2022-06-23T10:50:59","guid":{"rendered":"https:\/\/www.creadocforschool.com\/fr\/politique-en-matiere-de-cookies\/"},"modified":"2022-06-24T16:13:58","modified_gmt":"2022-06-24T14:13:58","slug":"politique-en-matiere-de-cookies","status":"publish","type":"page","link":"https:\/\/www.creadocforschool.com\/fr\/politique-en-matiere-de-cookies\/","title":{"rendered":"Politique en mati\u00e8re de cookies"},"content":{"rendered":"\t\t<div data-elementor-type=\"wp-page\" data-elementor-id=\"282\" class=\"elementor elementor-282\" data-elementor-post-type=\"page\">\n\t\t\t\t\t\t<section class=\"elementor-section elementor-top-section elementor-element elementor-element-16729701 elementor-section-boxed elementor-section-height-default elementor-section-height-default\" data-id=\"16729701\" data-element_type=\"section\">\n\t\t\t\t\t\t<div class=\"elementor-container elementor-column-gap-default\">\n\t\t\t\t\t<div class=\"elementor-column elementor-col-100 elementor-top-column elementor-element elementor-element-79c26ee\" data-id=\"79c26ee\" data-element_type=\"column\">\n\t\t\t<div class=\"elementor-widget-wrap elementor-element-populated\">\n\t\t\t\t\t\t<div class=\"elementor-element elementor-element-26e43dfc elementor-widget elementor-widget-heading\" data-id=\"26e43dfc\" data-element_type=\"widget\" data-widget_type=\"heading.default\">\n\t\t\t\t<div class=\"elementor-widget-container\">\n\t\t\t<style>\/*! elementor - v3.22.0 - 26-06-2024 *\/\n.elementor-heading-title{padding:0;margin:0;line-height:1}.elementor-widget-heading .elementor-heading-title[class*=elementor-size-]>a{color:inherit;font-size:inherit;line-height:inherit}.elementor-widget-heading .elementor-heading-title.elementor-size-small{font-size:15px}.elementor-widget-heading .elementor-heading-title.elementor-size-medium{font-size:19px}.elementor-widget-heading .elementor-heading-title.elementor-size-large{font-size:29px}.elementor-widget-heading .elementor-heading-title.elementor-size-xl{font-size:39px}.elementor-widget-heading .elementor-heading-title.elementor-size-xxl{font-size:59px}<\/style><h2 class=\"elementor-heading-title elementor-size-default\">Politique en mati\u00e8re de cookies<\/h2>\t\t<\/div>\n\t\t\t\t<\/div>\n\t\t\t\t<div class=\"elementor-element elementor-element-1d395391 elementor-widget elementor-widget-text-editor\" data-id=\"1d395391\" data-element_type=\"widget\" data-widget_type=\"text-editor.default\">\n\t\t\t\t<div class=\"elementor-widget-container\">\n\t\t\t<style>\/*! elementor - v3.22.0 - 26-06-2024 *\/\n.elementor-widget-text-editor.elementor-drop-cap-view-stacked .elementor-drop-cap{background-color:#69727d;color:#fff}.elementor-widget-text-editor.elementor-drop-cap-view-framed .elementor-drop-cap{color:#69727d;border:3px solid;background-color:transparent}.elementor-widget-text-editor:not(.elementor-drop-cap-view-default) .elementor-drop-cap{margin-top:8px}.elementor-widget-text-editor:not(.elementor-drop-cap-view-default) .elementor-drop-cap-letter{width:1em;height:1em}.elementor-widget-text-editor .elementor-drop-cap{float:left;text-align:center;line-height:1;font-size:50px}.elementor-widget-text-editor .elementor-drop-cap-letter{display:inline-block}<\/style>\t\t\t\t<p>Date de derni\u00e8re mise \u00e0 jour : 8\/06\/2022<\/p>\t\t\t\t\t\t<\/div>\n\t\t\t\t<\/div>\n\t\t\t\t<div class=\"elementor-element elementor-element-2231f51d elementor-widget elementor-widget-text-editor\" data-id=\"2231f51d\" data-element_type=\"widget\" data-widget_type=\"text-editor.default\">\n\t\t\t\t<div class=\"elementor-widget-container\">\n\t\t\t\t\t\t\t<p>Dans le cadre de l\u2019utilisation du site internet www.creadocforschool.com et du logiciel Creadoc <span style=\"color: var( --e-global-color-5f531f7 ); font-size: 1rem;\">(ci-apr\u00e8s collectivement le \u00ab Service \u00bb)<\/span><span style=\"color: var( --e-global-color-5f531f7 ); font-size: 1rem;\">\u00a0<\/span><span style=\"color: var( --e-global-color-5f531f7 ); font-size: 1rem;\">, la pr\u00e9sente \u00ab Politique en mati\u00e8re de cookies \u00bb a vocation \u00e0 vous expliquer, d\u2019une part, comment Creadoc For School et ses partenaires utilisent les cookies et, d\u2019autre part, comment vous pouvez vous g\u00e9rer leur d\u00e9p\u00f4t et leur usage.<\/span><\/p><p>En acc\u00e9dant \u00e0 notre Service et en l&rsquo;utilisant sans d\u00e9sactiver les cookies sur votre appareil ou sans supprimer les cookies des tiers, vous consentez \u00e0 leur utilisation et \u00e0 celle des informations que nous recueillons. Si vous n&rsquo;y consentez pas, veuillez d\u00e9sactiver ou bloquer les cookies sur votre navigateur en utilisant les m\u00e9thodes d\u00e9crites ci-dessous dans la rubrique \u00ab Comment contr\u00f4ler les cookies \u00bb. Pour en savoir plus concernant les donn\u00e9es que nous recueillons de nos utilisateurs, nous vous recommandons de lire notre Politique de confidentialit\u00e9.<\/p><p>Lors de l\u2019utilisation du Service et selon les choix que vous avez exprim\u00e9s, des cookies peuvent donc \u00eatre stock\u00e9s par votre navigateur.<\/p>\t\t\t\t\t\t<\/div>\n\t\t\t\t<\/div>\n\t\t\t\t<div class=\"elementor-element elementor-element-5aa353f9 elementor-widget elementor-widget-heading\" data-id=\"5aa353f9\" data-element_type=\"widget\" data-widget_type=\"heading.default\">\n\t\t\t\t<div class=\"elementor-widget-container\">\n\t\t\t<h2 class=\"elementor-heading-title elementor-size-default\">1. Qu'est-ce qu'un Cookie ?<\/h2>\t\t<\/div>\n\t\t\t\t<\/div>\n\t\t\t\t<div class=\"elementor-element elementor-element-1143410c elementor-widget elementor-widget-text-editor\" data-id=\"1143410c\" data-element_type=\"widget\" data-widget_type=\"text-editor.default\">\n\t\t\t\t<div class=\"elementor-widget-container\">\n\t\t\t\t\t\t\t<p><a href=\"https:\/\/www.cnil.fr\/fr\/definition\/cookie\">Un cookie<\/a> est un petit fichier constitu\u00e9 de lettres et de chiffres et t\u00e9l\u00e9charg\u00e9 sur votre terminal (ordinateur, tablette, smartphone, etc.) lorsque vous acc\u00e9dez \u00e0 des sites web. En g\u00e9n\u00e9ral, Les cookies peuvent \u00eatre utilis\u00e9s pour reconna\u00eetre votre navigateur pendant la dur\u00e9e de validit\u00e9 du cookie concern\u00e9 et\/ou pour acc\u00e9der \u00e0 des informations stock\u00e9es dans votre terminal de r\u00e9ception.<\/p><p>La chose la plus importante \u00e0 savoir sur les cookies que nous utilisons, est qu\u2019ils servent \u00e0 am\u00e9liorer la convivialit\u00e9 de nos outils<span style=\"color: var( --e-global-color-5f531f7 ); font-size: 1rem;\">.<\/span><\/p>\t\t\t\t\t\t<\/div>\n\t\t\t\t<\/div>\n\t\t\t\t<div class=\"elementor-element elementor-element-71421e2d elementor-widget elementor-widget-heading\" data-id=\"71421e2d\" data-element_type=\"widget\" data-widget_type=\"heading.default\">\n\t\t\t\t<div class=\"elementor-widget-container\">\n\t\t\t<h2 class=\"elementor-heading-title elementor-size-default\">2. Les cookies utilis\u00e9s sur notre site<\/h2>\t\t<\/div>\n\t\t\t\t<\/div>\n\t\t\t\t<div class=\"elementor-element elementor-element-4251b8 elementor-widget elementor-widget-text-editor\" data-id=\"4251b8\" data-element_type=\"widget\" data-widget_type=\"text-editor.default\">\n\t\t\t\t<div class=\"elementor-widget-container\">\n\t\t\t\t\t\t\t<p>Nous utilisons trois types de cookies.<\/p><h5><strong>2.1 Les cookies<\/strong><strong>\u00a0de mesure d&rsquo;audience :<br \/><\/strong><\/h5><p>Ces cookies nous permettent de mesurer l\u2019audience du Site pour r\u00e9pondre \u00e0 diff\u00e9rents besoins n\u00e9cessaires \u00e0 la fourniture du service et l\u2019am\u00e9lioration de la qualit\u00e9 de notre Site.<\/p><p>Nous avons choisi le prestataire\u00a0<a href=\"https:\/\/fr.matomo.org\/\">Matomo<\/a> valid\u00e9e et recommand\u00e9 par la Commission Nationale de l&rsquo;Informatique et des Libert\u00e9s (CNIL), car conforme au R\u00e8glement G\u00e9n\u00e9ral sur la Protection des Donn\u00e9es (RGPD).<\/p><p>Le RGPD ou R\u00e8glement G\u00e9n\u00e9ral sur la Protection des Donn\u00e9es, est un r\u00e8glement de l\u2019Union europ\u00e9enne qui constitue le texte de r\u00e9f\u00e9rence en mati\u00e8re de protection des donn\u00e9es \u00e0 caract\u00e8re personnel. En France, c\u2019est la CNIL qui est charg\u00e9e de v\u00e9rifier l\u2019application de ce r\u00e8glement.<\/p><p>_pk_id utilis\u00e9 pour stocker quelques d\u00e9tails sur l\u2019utilisateur tels que l\u2019identifiant unique du visiteur expire dans\u00a0 13 mois.<br \/>_pk_ref utilis\u00e9 pour stocker les informations d\u2019attribution , le r\u00e9f\u00e9rent initialement utilis\u00e9 pour visiter le site expire dans 6 mois.<br \/>_pk_ses, _pk_cvar, _pk_hsr cookies de courte dur\u00e9e utilis\u00e9s pour stocker temporairement les donn\u00e9es de la visite expire dans 30 minutes.<br \/>_pk_testcookieest utilis\u00e9 pour v\u00e9rifier si le navigateur du visiteur prend en charge les cookies et doit \u00eatre ensuite directement supprim\u00e9.<br \/>matomo_sessid expire il est important de noter qu\u2019il ne contient aucune donn\u00e9e permettant d\u2019identifier les visiteurs et est consid\u00e9r\u00e9 comme un cookie \u00ab Essentiel \u00bb expire dans 14 jours.<\/p><p>\u00a0<\/p><h5><strong>2.2 Cookies tiers en provenance des sites list\u00e9s ci dessous :<\/strong><\/h5><p><strong>Youtube pour le visionnage des vid\u00e9os :<\/strong><\/p><p>Nous utilisons le service de partage de Vid\u00e9o Youtube (https:\/\/www.youtube.com) pour pr\u00e9senter notre outil sur le site internet et dans l&rsquo;espace tutoriel de notre Logiciel. Ce service de Google Inc d\u00e9pose des cookies dans le navigateur. Ils servent \u00e0 :<\/p><ul><li>Proposer les services Google et s&rsquo;assurer qu&rsquo;ils fonctionnent correctement<\/li><li>Suivre les interruptions de service et prot\u00e9ger contre le spam, les fraudes et les abus<\/li><li>Mesurer l&rsquo;engagement de l&rsquo;audience et les statistiques des sites pour comprendre la fa\u00e7on dont nos services sont utilis\u00e9s et pour am\u00e9liorer leur qualit\u00e9<\/li><li>D\u00e9velopper de nouveaux services et les am\u00e9liorer<\/li><li>Diffuser des annonces et \u00e9valuer leur efficacit\u00e9<\/li><li>Proposer des contenus personnalis\u00e9s en fonction de vos param\u00e8tres<\/li><li>Afficher des annonces personnalis\u00e9es en fonction de vos param\u00e8tres<\/li><\/ul><div>1P_JAR en fonction des recherches r\u00e9centes et des interactions pr\u00e9c\u00e9dentes, des annonces personnalis\u00e9es sont diffus\u00e9es sur les sites Google, expire dans 1 semaine.<\/div><div>CONSENTEMENT stocke les pr\u00e9f\u00e9rences des visiteurs et personnalise les publicit\u00e9s, il est persistant.<\/div><div>__Secure-3PAPISID cr\u00e9e un profil des int\u00e9r\u00eats des visiteurs du site Web pour afficher des publicit\u00e9s pertinentes et personnalis\u00e9es gr\u00e2ce au reciblage, expire dans 2 ans.<\/div><div>__Secure-3PSID cr\u00e9e un profil des int\u00e9r\u00eats des visiteurs du site Web pour afficher des publicit\u00e9s pertinentes et personnalis\u00e9es gr\u00e2ce au reciblage, expire dans 2 ans.<\/div><div>\u00a0<\/div><p><strong>Helpscout pour \u00e9changer avec nous :<\/strong><\/p><p>Nous utilisons \u00e9galement Helpscout (https:\/\/www.helpscout.com\/) pour vous permettre de nous contacter via un formulaire par email ou messagerie instantan\u00e9e sur notre site web ou notre logiciel.<\/p><p>_hp2_id. un cookie purement fonctionnel qui expire au bout de 13 mois.<br \/>_hp2_ses_props est un cookie de session qui expire au bout de 30min.<br \/>_hp2_props est un cookie de propri\u00e9t\u00e9s d&rsquo;\u00e9v\u00e9nement expire au bout de 13 mois.<\/p><p>\u00a0<\/p><h5><strong>2.3. Les cookies \u00e0 des fins de s\u00e9curit\u00e9 du site web :<\/strong><\/h5><p>Nous utilisons dans certaines pages du site web, le service reCAPTCHA de Google Inc. (Google) pour prot\u00e9ger les entr\u00e9es des formulaires de contact contre des attaques informatiques par des robots (bots). Ils nous permettent notamment de lutter de mani\u00e8re efficace contre les spams et l\u2019hame\u00e7onnage (phishing). L\u2019algorithme ReCAPTCHA v\u00e9rifie et d\u00e9pose le cas \u00e9ch\u00e9ant un cookie.<\/p><p>En utilisant ce service, vous consentez \u00e0 la fois \u00e0 la pr\u00e9sente Politique de Cookies, \u00e0 notre politique de donn\u00e9es personnelles et \u00e0 celle de Google Inc.<\/p><p>Pour en savoir plus sur la politique de confidentialit\u00e9 de Google, vous pouvez consulter leur politique de confidentialit\u00e9 : <a href=\"https:\/\/policies.google.com\/privacy?hl=fr\" target=\"_blank\" rel=\"noopener\">https:\/\/policies.google.com\/privacy?hl=fr<\/a><\/p><p>En refusant ce service, il est possible que vous ne puissiez b\u00e9n\u00e9ficier de l\u2019ensemble des fonctionnalit\u00e9s du site.<\/p><p>NID Emetteur du cookie : Google reCaptcha expire dans 1 jour\u00a0<\/p>\t\t\t\t\t\t<\/div>\n\t\t\t\t<\/div>\n\t\t\t\t<div class=\"elementor-element elementor-element-54a2349 elementor-widget elementor-widget-heading\" data-id=\"54a2349\" data-element_type=\"widget\" data-widget_type=\"heading.default\">\n\t\t\t\t<div class=\"elementor-widget-container\">\n\t\t\t<h2 class=\"elementor-heading-title elementor-size-default\">3. Vos choix concernant les cookies :<\/h2>\t\t<\/div>\n\t\t\t\t<\/div>\n\t\t\t\t<div class=\"elementor-element elementor-element-113175e8 elementor-widget elementor-widget-text-editor\" data-id=\"113175e8\" data-element_type=\"widget\" data-widget_type=\"text-editor.default\">\n\t\t\t\t<div class=\"elementor-widget-container\">\n\t\t\t\t\t\t\t<p>A l\u2019exception des cookies strictement n\u00e9cessaires au fonctionnement et \u00e0 la s\u00e9curit\u00e9 du site, les cookies d\u00e9pos\u00e9s sur votre mobile, tablette et ordinateurs ne le seront qu\u2019\u00e0 la condition que vous ayez manifest\u00e9 votre consentement sp\u00e9cifiquement et pr\u00e9alablement. Votre consentement peut \u00eatre retir\u00e9 \u00e0 tout moment.<\/p>\t\t\t\t\t\t<\/div>\n\t\t\t\t<\/div>\n\t\t\t\t<div class=\"elementor-element elementor-element-69ff2cb elementor-widget elementor-widget-html\" data-id=\"69ff2cb\" data-element_type=\"widget\" data-widget_type=\"html.default\">\n\t\t\t\t<div class=\"elementor-widget-container\">\n\t\t\t<a href=\"javascript:openAxeptioCookies()\">\r\n  Cliquez-ici pour modifier vos pr\u00e9f\u00e9rences en mati\u00e8re de cookies\r\n<\/a>\t\t<\/div>\n\t\t\t\t<\/div>\n\t\t\t\t<div class=\"elementor-element elementor-element-65fc1b83 elementor-widget elementor-widget-text-editor\" data-id=\"65fc1b83\" data-element_type=\"widget\" data-widget_type=\"text-editor.default\">\n\t\t\t\t<div class=\"elementor-widget-container\">\n\t\t\t\t\t\t\t<p><span style=\"color: var( --e-global-color-5f531f7 ); font-size: 1rem;\">Le refus du d\u00e9p\u00f4t de certains cookies dans votre terminal ou la suppression de cookies enregistr\u00e9s dans votre terminal et n\u00e9cessaires pour naviguer dans certains espaces du site web ou de l\u2019application pourraient restreindre votre navigation sur ces outils. La nature de ces cookies est pr\u00e9cis\u00e9e ci-dessus.<\/span><\/p><p>Le cas \u00e9ch\u00e9ant, nous d\u00e9clinons toute responsabilit\u00e9 pour les cons\u00e9quences li\u00e9es au fonctionnement d\u00e9grad\u00e9 du site web ou de l\u2019application r\u00e9sultant de l\u2019impossibilit\u00e9 pour nous d\u2019enregistrer ou de consulter les cookies n\u00e9cessaires \u00e0 leur fonctionnement et que vous auriez refus\u00e9s ou supprim\u00e9s.<\/p>\t\t\t\t\t\t<\/div>\n\t\t\t\t<\/div>\n\t\t\t\t<div class=\"elementor-element elementor-element-3043efb8 elementor-widget elementor-widget-heading\" data-id=\"3043efb8\" data-element_type=\"widget\" data-widget_type=\"heading.default\">\n\t\t\t\t<div class=\"elementor-widget-container\">\n\t\t\t<h2 class=\"elementor-heading-title elementor-size-default\">4. Comment contr\u00f4ler les cookies :<\/h2>\t\t<\/div>\n\t\t\t\t<\/div>\n\t\t\t\t<div class=\"elementor-element elementor-element-19e675d5 elementor-widget elementor-widget-text-editor\" data-id=\"19e675d5\" data-element_type=\"widget\" data-widget_type=\"text-editor.default\">\n\t\t\t\t<div class=\"elementor-widget-container\">\n\t\t\t\t\t\t\t<p>Vous pouvez g\u00e9rer et modifier \u00e0 tout moment l\u2019utilisation des cookies en configurant les param\u00e9trages de votre logiciel de navigation. Pour cela, vous pouvez consulter le menu d\u2019aide de votre navigateur ainsi que la rubrique \u00ab Vos traces \u00bb du site de la CNIL (Commission Nationale de l\u2019Informatique &amp; des Libert\u00e9s) (<a href=\"http:\/\/www.cnil.fr\/vos-libertes\/vos-traces\/les-cookies\/\">http:\/\/www.cnil.fr\/vos-libertes\/vos-traces\/les-cookies\/<\/a>).<\/p><p>Les param\u00e9trages que vous effectuerez sont susceptibles de modifier votre navigation sur Internet et vos conditions d\u2019acc\u00e8s et d\u2019utilisation de certains services de notre Site qui n\u00e9cessitent l\u2019utilisation de cookies.<\/p><p>Veuillez noter que la suppression de nos cookies ou la d\u00e9sactivation de futurs cookies ou technologies de suivi pourront vous emp\u00eacher d&rsquo;acc\u00e9der \u00e0 certaines zones ou fonctionnalit\u00e9s de nos services, ou pourront autrement affecter n\u00e9gativement votre exp\u00e9rience d&rsquo;utilisateur.<\/p>\t\t\t\t\t\t<\/div>\n\t\t\t\t<\/div>\n\t\t\t\t<div class=\"elementor-element elementor-element-4dfd0cd9 elementor-widget elementor-widget-heading\" data-id=\"4dfd0cd9\" data-element_type=\"widget\" data-widget_type=\"heading.default\">\n\t\t\t\t<div class=\"elementor-widget-container\">\n\t\t\t<h2 class=\"elementor-heading-title elementor-size-default\">5. Mise \u00e0 jour<\/h2>\t\t<\/div>\n\t\t\t\t<\/div>\n\t\t\t\t<div class=\"elementor-element elementor-element-79937a8e elementor-widget elementor-widget-text-editor\" data-id=\"79937a8e\" data-element_type=\"widget\" data-widget_type=\"text-editor.default\">\n\t\t\t\t<div class=\"elementor-widget-container\">\n\t\t\t\t\t\t\t<p class=\"Paragraphs__ParagraphM-sc-1b6c6et-1 RichTextstyles__Paragraph-icb0ig-4 dhscHv\">Creadoc For School se r\u00e9serve le droit de modifier \u00e0 tout moment cette politique en mati\u00e8re de Cookies et d\u2019en avertir les Utilisateurs par tout moyen ad\u00e9quat. La date de derni\u00e8re mise \u00e0 jour visible sur cette page indique la date \u00e0 laquelle ont eu lieu les derni\u00e8res modifications.<\/p>\t\t\t\t\t\t<\/div>\n\t\t\t\t<\/div>\n\t\t\t\t\t<\/div>\n\t\t<\/div>\n\t\t\t\t\t<\/div>\n\t\t<\/section>\n\t\t\t\t<\/div>\n\t\t","protected":false},"excerpt":{"rendered":"<p>Politique en mati\u00e8re de cookies Date de derni\u00e8re mise \u00e0 jour : 8\/06\/2022 Dans le cadre de l\u2019utilisation du site internet www.creadocforschool.com et du logiciel Creadoc (ci-apr\u00e8s collectivement le \u00ab Service \u00bb)\u00a0, la pr\u00e9sente \u00ab Politique en mati\u00e8re de cookies \u00bb a vocation \u00e0 vous expliquer, d\u2019une part, comment Creadoc For School et ses partenaires [&hellip;]<\/p>\n","protected":false},"author":1,"featured_media":0,"parent":0,"menu_order":0,"comment_status":"closed","ping_status":"closed","template":"elementor_canvas","meta":{"footnotes":""},"class_list":["post-282","page","type-page","status-publish","hentry"],"_links":{"self":[{"href":"https:\/\/www.creadocforschool.com\/fr\/wp-json\/wp\/v2\/pages\/282","targetHints":{"allow":["GET"]}}],"collection":[{"href":"https:\/\/www.creadocforschool.com\/fr\/wp-json\/wp\/v2\/pages"}],"about":[{"href":"https:\/\/www.creadocforschool.com\/fr\/wp-json\/wp\/v2\/types\/page"}],"author":[{"embeddable":true,"href":"https:\/\/www.creadocforschool.com\/fr\/wp-json\/wp\/v2\/users\/1"}],"replies":[{"embeddable":true,"href":"https:\/\/www.creadocforschool.com\/fr\/wp-json\/wp\/v2\/comments?post=282"}],"version-history":[{"count":12,"href":"https:\/\/www.creadocforschool.com\/fr\/wp-json\/wp\/v2\/pages\/282\/revisions"}],"predecessor-version":[{"id":928,"href":"https:\/\/www.creadocforschool.com\/fr\/wp-json\/wp\/v2\/pages\/282\/revisions\/928"}],"wp:attachment":[{"href":"https:\/\/www.creadocforschool.com\/fr\/wp-json\/wp\/v2\/media?parent=282"}],"curies":[{"name":"wp","href":"https:\/\/api.w.org\/{rel}","templated":true}]}}