{"id":279,"date":"2022-06-23T12:50:59","date_gmt":"2022-06-23T10:50:59","guid":{"rendered":"https:\/\/www.creadocforschool.com\/fr\/mentions-legales\/"},"modified":"2024-10-05T10:31:52","modified_gmt":"2024-10-05T08:31:52","slug":"mentions-legales","status":"publish","type":"page","link":"https:\/\/www.creadocforschool.com\/fr\/mentions-legales\/","title":{"rendered":"Mentions l\u00e9gales"},"content":{"rendered":"\t\t<div data-elementor-type=\"wp-page\" data-elementor-id=\"279\" class=\"elementor elementor-279\" data-elementor-post-type=\"page\">\n\t\t\t\t\t\t<section class=\"elementor-section elementor-top-section elementor-element elementor-element-1f11e2df elementor-section-boxed elementor-section-height-default elementor-section-height-default\" data-id=\"1f11e2df\" data-element_type=\"section\">\n\t\t\t\t\t\t<div class=\"elementor-container elementor-column-gap-default\">\n\t\t\t\t\t<div class=\"elementor-column elementor-col-100 elementor-top-column elementor-element elementor-element-1c8991c6\" data-id=\"1c8991c6\" data-element_type=\"column\">\n\t\t\t<div class=\"elementor-widget-wrap elementor-element-populated\">\n\t\t\t\t\t\t<div class=\"elementor-element elementor-element-6220ad0d elementor-widget elementor-widget-heading\" data-id=\"6220ad0d\" data-element_type=\"widget\" data-widget_type=\"heading.default\">\n\t\t\t\t<div class=\"elementor-widget-container\">\n\t\t\t<style>\/*! elementor - v3.22.0 - 26-06-2024 *\/\n.elementor-heading-title{padding:0;margin:0;line-height:1}.elementor-widget-heading .elementor-heading-title[class*=elementor-size-]>a{color:inherit;font-size:inherit;line-height:inherit}.elementor-widget-heading .elementor-heading-title.elementor-size-small{font-size:15px}.elementor-widget-heading .elementor-heading-title.elementor-size-medium{font-size:19px}.elementor-widget-heading .elementor-heading-title.elementor-size-large{font-size:29px}.elementor-widget-heading .elementor-heading-title.elementor-size-xl{font-size:39px}.elementor-widget-heading .elementor-heading-title.elementor-size-xxl{font-size:59px}<\/style><h2 class=\"elementor-heading-title elementor-size-default\">Mentions l\u00e9gales<\/h2>\t\t<\/div>\n\t\t\t\t<\/div>\n\t\t\t\t<div class=\"elementor-element elementor-element-23e37f92 elementor-widget elementor-widget-text-editor\" data-id=\"23e37f92\" data-element_type=\"widget\" data-widget_type=\"text-editor.default\">\n\t\t\t\t<div class=\"elementor-widget-container\">\n\t\t\t<style>\/*! elementor - v3.22.0 - 26-06-2024 *\/\n.elementor-widget-text-editor.elementor-drop-cap-view-stacked .elementor-drop-cap{background-color:#69727d;color:#fff}.elementor-widget-text-editor.elementor-drop-cap-view-framed .elementor-drop-cap{color:#69727d;border:3px solid;background-color:transparent}.elementor-widget-text-editor:not(.elementor-drop-cap-view-default) .elementor-drop-cap{margin-top:8px}.elementor-widget-text-editor:not(.elementor-drop-cap-view-default) .elementor-drop-cap-letter{width:1em;height:1em}.elementor-widget-text-editor .elementor-drop-cap{float:left;text-align:center;line-height:1;font-size:50px}.elementor-widget-text-editor .elementor-drop-cap-letter{display:inline-block}<\/style>\t\t\t\t<p style=\"text-align: center;\"><strong>Derni\u00e8re mise \u00e0 jour le 7 juin 2022<\/strong><\/p>\t\t\t\t\t\t<\/div>\n\t\t\t\t<\/div>\n\t\t\t\t<div class=\"elementor-element elementor-element-617b9502 elementor-widget elementor-widget-heading\" data-id=\"617b9502\" data-element_type=\"widget\" data-widget_type=\"heading.default\">\n\t\t\t\t<div class=\"elementor-widget-container\">\n\t\t\t<h4 class=\"elementor-heading-title elementor-size-default\">1. Editeur du site<\/h4>\t\t<\/div>\n\t\t\t\t<\/div>\n\t\t\t\t<div class=\"elementor-element elementor-element-301b10a6 elementor-widget elementor-widget-text-editor\" data-id=\"301b10a6\" data-element_type=\"widget\" data-widget_type=\"text-editor.default\">\n\t\t\t\t<div class=\"elementor-widget-container\">\n\t\t\t\t\t\t\t<p><strong style=\"color: var( --e-global-color-secondary ); font-size: 1rem;\">L&rsquo;\u00c9diteur :&nbsp;<\/strong><\/p>\n<p>SARL Neuromediasoft au capital de&nbsp;6 500&nbsp;\u20ac&nbsp;dont le si\u00e8ge social est situ\u00e9 : Route de St Pancrace 20250 Corte &#8211; France.<\/p>\n<p>SIREN : 497 658 518<\/p>\n<p>N\u00b0TVA intracommunautaire : FR66497658518<\/p>\n<p>N\u00b0 de t\u00e9l\u00e9phone&nbsp;:&nbsp;0495551309<\/p>\n<p>Adresse mail : hello@creadocforschool.com<\/p>\n<p>Site internet : www.creadocforschool.com<\/p>\n<p>Le directeur de publication est Monsieur Vienne Cyril en sa qualit\u00e9 de g\u00e9rant de la SARL Neuromediasoft.<\/p>\t\t\t\t\t\t<\/div>\n\t\t\t\t<\/div>\n\t\t\t\t<div class=\"elementor-element elementor-element-657e5074 elementor-widget elementor-widget-heading\" data-id=\"657e5074\" data-element_type=\"widget\" data-widget_type=\"heading.default\">\n\t\t\t\t<div class=\"elementor-widget-container\">\n\t\t\t<h4 class=\"elementor-heading-title elementor-size-default\">2. H\u00e9bergeur du site et de sa base de donn\u00e9es<\/h4>\t\t<\/div>\n\t\t\t\t<\/div>\n\t\t\t\t<div class=\"elementor-element elementor-element-71bcb3e5 elementor-widget elementor-widget-text-editor\" data-id=\"71bcb3e5\" data-element_type=\"widget\" data-widget_type=\"text-editor.default\">\n\t\t\t\t<div class=\"elementor-widget-container\">\n\t\t\t\t\t\t\t<p><strong>L&rsquo;H\u00e9bergeur :\u00a0<\/strong><\/p>\n<p>Creadoc for School\u00a0est h\u00e9berg\u00e9 sur les serveurs g\u00e9r\u00e9s par\u00a0OVH, entreprise fran\u00e7aise dont le si\u00e8ge social est situ\u00e9\u00a0 rue Kellermann\u00a059100, Roubaix &#8211; FRANCE.\u00a0<\/p>\n<p>Telephone 1007 or +33 (0)9 74 53 13 23<\/p>\n<p>support@ovh.com<\/p>\n<p>www.ovh.com<\/p>\t\t\t\t\t\t<\/div>\n\t\t\t\t<\/div>\n\t\t\t\t<div class=\"elementor-element elementor-element-309f97a4 elementor-widget elementor-widget-heading\" data-id=\"309f97a4\" data-element_type=\"widget\" data-widget_type=\"heading.default\">\n\t\t\t\t<div class=\"elementor-widget-container\">\n\t\t\t<h4 class=\"elementor-heading-title elementor-size-default\">3. Donn\u00e9es personnelles <\/h4>\t\t<\/div>\n\t\t\t\t<\/div>\n\t\t\t\t<div class=\"elementor-element elementor-element-5a61e01e elementor-widget elementor-widget-text-editor\" data-id=\"5a61e01e\" data-element_type=\"widget\" data-widget_type=\"text-editor.default\">\n\t\t\t\t<div class=\"elementor-widget-container\">\n\t\t\t\t\t\t\t<p><span style=\"color: var( --e-global-color-secondary ); font-size: 1rem;\">Chez Creadoc for School nous sommes tr\u00e8s soucieux de la protection des donn\u00e9es personnelles de nos utilisateurs.<br \/><\/span><span style=\"color: var( --e-global-color-secondary ); font-size: 1rem;\">Vous pouvez consulter notre politique de protection des donn\u00e9es personnelles <a href=\"https:\/\/www.creadocforschool.com\/fr\/politique-de-confidentialite\/\">en cliquant ici<\/a>.<\/span><\/p>\t\t\t\t\t\t<\/div>\n\t\t\t\t<\/div>\n\t\t\t\t<div class=\"elementor-element elementor-element-53b5c75 elementor-widget elementor-widget-heading\" data-id=\"53b5c75\" data-element_type=\"widget\" data-widget_type=\"heading.default\">\n\t\t\t\t<div class=\"elementor-widget-container\">\n\t\t\t<h4 class=\"elementor-heading-title elementor-size-default\">4. D\u00e9veloppement du site web<\/h4>\t\t<\/div>\n\t\t\t\t<\/div>\n\t\t\t\t<div class=\"elementor-element elementor-element-39539070 elementor-widget elementor-widget-text-editor\" data-id=\"39539070\" data-element_type=\"widget\" data-widget_type=\"text-editor.default\">\n\t\t\t\t<div class=\"elementor-widget-container\">\n\t\t\t\t\t\t\t<p>Le d\u00e9veloppement du site internet http:\/\/www.creadocforschool.com est g\u00e9r\u00e9 par <a href=\"https:\/\/neuromediasoft.fr\/\" target=\"_blank\" rel=\"noopener\">Neuromediasoft<\/a>.<\/p>\t\t\t\t\t\t<\/div>\n\t\t\t\t<\/div>\n\t\t\t\t<div class=\"elementor-element elementor-element-391d687e elementor-widget elementor-widget-heading\" data-id=\"391d687e\" data-element_type=\"widget\" data-widget_type=\"heading.default\">\n\t\t\t\t<div class=\"elementor-widget-container\">\n\t\t\t<h4 class=\"elementor-heading-title elementor-size-default\">5. D\u00e9l\u00e9gu\u00e9 \u00e0 la Protection des Donn\u00e9es (DPO)<\/h4>\t\t<\/div>\n\t\t\t\t<\/div>\n\t\t\t\t<div class=\"elementor-element elementor-element-137a4803 elementor-widget elementor-widget-text-editor\" data-id=\"137a4803\" data-element_type=\"widget\" data-widget_type=\"text-editor.default\">\n\t\t\t\t<div class=\"elementor-widget-container\">\n\t\t\t\t\t\t\t<p>Un d\u00e9l\u00e9gu\u00e9 \u00e0 la protection des donn\u00e9es est \u00e0 votre disposition pour toute question relative \u00e0 la protection de vos donn\u00e9es personnelles, vous pouvez le contacter directement \u00e0 l&rsquo;adresse suivante : dpo@creadocforschool.com.<\/p>\t\t\t\t\t\t<\/div>\n\t\t\t\t<\/div>\n\t\t\t\t\t<\/div>\n\t\t<\/div>\n\t\t\t\t\t<\/div>\n\t\t<\/section>\n\t\t\t\t<\/div>\n\t\t","protected":false},"excerpt":{"rendered":"<p>Mentions l\u00e9gales Derni\u00e8re mise \u00e0 jour le 7 juin 2022 1. Editeur du site L&rsquo;\u00c9diteur :&nbsp; SARL Neuromediasoft au capital de&nbsp;6 500&nbsp;\u20ac&nbsp;dont le si\u00e8ge social est situ\u00e9 : Route de St Pancrace 20250 Corte &#8211; France. SIREN : 497 658 518 N\u00b0TVA intracommunautaire : FR66497658518 N\u00b0 de t\u00e9l\u00e9phone&nbsp;:&nbsp;0495551309 Adresse mail : hello@creadocforschool.com Site internet : [&hellip;]<\/p>\n","protected":false},"author":1,"featured_media":0,"parent":0,"menu_order":0,"comment_status":"closed","ping_status":"closed","template":"elementor_header_footer","meta":{"footnotes":""},"class_list":["post-279","page","type-page","status-publish","hentry"],"_links":{"self":[{"href":"https:\/\/www.creadocforschool.com\/fr\/wp-json\/wp\/v2\/pages\/279","targetHints":{"allow":["GET"]}}],"collection":[{"href":"https:\/\/www.creadocforschool.com\/fr\/wp-json\/wp\/v2\/pages"}],"about":[{"href":"https:\/\/www.creadocforschool.com\/fr\/wp-json\/wp\/v2\/types\/page"}],"author":[{"embeddable":true,"href":"https:\/\/www.creadocforschool.com\/fr\/wp-json\/wp\/v2\/users\/1"}],"replies":[{"embeddable":true,"href":"https:\/\/www.creadocforschool.com\/fr\/wp-json\/wp\/v2\/comments?post=279"}],"version-history":[{"count":6,"href":"https:\/\/www.creadocforschool.com\/fr\/wp-json\/wp\/v2\/pages\/279\/revisions"}],"predecessor-version":[{"id":9683,"href":"https:\/\/www.creadocforschool.com\/fr\/wp-json\/wp\/v2\/pages\/279\/revisions\/9683"}],"wp:attachment":[{"href":"https:\/\/www.creadocforschool.com\/fr\/wp-json\/wp\/v2\/media?parent=279"}],"curies":[{"name":"wp","href":"https:\/\/api.w.org\/{rel}","templated":true}]}}